{"id":2,"date":"2015-05-19T08:40:34","date_gmt":"2015-05-19T08:40:34","guid":{"rendered":"http:\/\/silviawillecke.de\/wordpress\/?page_id=2"},"modified":"2026-01-08T11:38:40","modified_gmt":"2026-01-08T09:38:40","slug":"beispiel-seite","status":"publish","type":"page","link":"http:\/\/silviawillecke.de\/?page_id=2","title":{"rendered":"Vita"},"content":{"rendered":"\n<p><strong>Vita:<\/strong><\/p>\n\n\n\n<p class=\"has-large-font-size\"><strong>2025<\/strong><\/p>\n\n\n\n<pre class=\"wp-block-verse\"><strong>Die \u00c4rztin<\/strong>\nSprachcoaching\nTheater und Orchester Heidelberg<\/pre>\n\n\n\n<pre class=\"wp-block-verse\"><strong>Der Ginpuin, die Suche nach dem gro\u00dfen Gl\u00fcck<\/strong>\nMusikalische Einstudierung\/ Vocal Coach\nRegie: Frances van Boeckel\nWiederaufnahme: 05.04.2025, Hessisches Staatstheater Wiesbaden<\/pre>\n\n\n\n<pre class=\"wp-block-verse\"><strong>Der Datterich<\/strong>\nMusikalische Leitung Gesang\nRegie: Philip Tiedemann\nPremiere: 14.06.2025, Staatstheater Darmstadt<\/pre>\n\n\n\n<pre class=\"wp-block-verse\"><strong>K\u00f6nig Lear<\/strong>\nSprachcoaching\nTheater und Orchester Heidelberg<\/pre>\n\n\n\n<pre class=\"wp-block-verse\"><strong>Flashdance<\/strong>\nMusikalische Leitung\/Darstellerin\nRegie: Sebastian Krolik\nRolle: Hannah\nPremiere: 03.09.2025, Theaterfestspiele Vulkaneifel<\/pre>\n\n\n\n<pre class=\"wp-block-verse\"><strong>Der Gestiefelte Kater<\/strong>\nMusikalische Einstudierung\/Vocal Coach\nRegie: R\u00fcdiger Pape\nPremiere: 02.11.2025 Rheinisches Landestheater <\/pre>\n\n\n\n<pre class=\"wp-block-verse\"><strong>Der satanarch\u00e4ol\u00fcgenialkoh\u00f6llische Wunschpunsch<\/strong>\nEinspringerin f\u00fcr alle Rollen\nRegie: Hanna M\u00fcller\nPremiere: 16.11.2025 Staatstheater Wiesbaden<\/pre>\n\n\n\n<p class=\"has-large-font-size\"><strong>2024<\/strong><\/p>\n\n\n\n<pre class=\"wp-block-verse\"><strong>Volpone<\/strong>\nRegie und Musikalische Leitung\/Vocal Coach\nRegie: Judith Kuhnert und Silvia Willecke\nPremiere: 08.06.2024, Staatstheater Darmstadt<\/pre>\n\n\n\n<pre class=\"wp-block-verse\"><strong>Sister Act<\/strong>\nMusikalische Leitung\/ Darstellerin\nRegie: Sebastian Krolik\nRolle: Mary Lazarus\nPremiere: 05.09.2024, Theaterfestspiele Vulkaneifel<\/pre>\n\n\n\n<pre class=\"wp-block-verse\"><strong>Pirsch<\/strong>\nStimmbildung\/ Choreographische Assistenz\nRegie: Daniela Wahl\nPremiere: 08.02.2024 Staatstheater Darmstadt\/Jagdschloss Kranichstein<\/pre>\n\n\n\n<pre class=\"wp-block-verse\"><strong>Die Sch\u00f6ne und das Biest<\/strong>\nVocalCoach\nRegie: Dirk Schirdewahn\nPremiere: 03.11.2024, Rheinisches Landestheater<\/pre>\n\n\n\n<pre class=\"wp-block-verse\"><strong>Pinocchio<\/strong>\nEinspringerin f\u00fcr alle Rollen\nRegie: Emel Aydogdu\nPremiere: 24.11.2024, Staatstheater Wiesbaden<\/pre>\n\n\n\n<p class=\"has-large-font-size\"><strong>2023<\/strong><\/p>\n\n\n\n<pre class=\"wp-block-verse\"><strong>9 to 5 <\/strong>\nMusicaldarstellerin\/ Vocal Assistent\nRegie: Sebastian Krolik\nRolle: Margret und Missy Hart<a href=\"Rolle: Margaret und Lizzy Hart\">\n<\/a>Premiere: 31.08.2023, Theaterfestspiele Vulkaneifel<\/pre>\n\n\n\n<pre class=\"wp-block-verse\"><strong>Arsen und Spitzenh\u00e4ubchen<\/strong>\nMusikalische Leitung\/ Vocal Coach\nRegie: Judith Kuhnert\nWiederaufnahme: 03.06.2023, Staatstheater Darmstadt<\/pre>\n\n\n\n<pre class=\"wp-block-verse\"><strong>Cabaret<\/strong>\nMusicaldarstellerin \nRegie: Tom Gerber nach eine Inszenierung von Iris Limbarth\nRolle: Chansons\u00e4ngerin\/KitKat<a href=\"Rolle: Chansons\u00e4ngerin\/KitKat\">\n<\/a>Wiederaufnahme: 09.2022, Staatstheater Wiesbaden<\/pre>\n\n\n\n<pre class=\"wp-block-verse\"><strong>Schnecke durch die Hecke<\/strong>\nVocal Coach\nRegie: Dirk Schirdewahn\nPremiere: 04.03.2023, Staatstheater Wiesbaden<\/pre>\n\n\n\n<div class=\"wp-container-1 wp-block-group\"><div class=\"wp-block-group__inner-container\">\n<pre class=\"wp-block-verse\"><strong>Ginpuin- auf der Suche nach dem gro\u00dfen Gl\u00fcck\n<\/strong>Musikalische Einstudierung\/Vocal Coach \nRegie: Frances van Boeckel\nPremiere: 08.10.2023, Hessisches Staatstheater Wiesbaden\n<\/pre>\n<\/div><\/div>\n\n\n\n<pre class=\"wp-block-verse\"><strong>Kleiner K\u00f6nig Kalle Wirsch<\/strong> \nMusikalische Einstudierung\/ Vocal Coach und Schauspielerin\nRegie: Dirk Schirdewahn\nRolle: Bolle\nPremiere: 05.11.2023, Hessisches Staatstheater Wiesbaden<\/pre>\n\n\n\n<pre class=\"wp-block-verse\"><strong>Der Zauberer von Oz<\/strong>\nMusikalische Einstudierung\/Vocal Coach und Schauspielerin\nRegie: Carolin Stolz\nRolle: Porzellan Prinzessin\nPremiere: 19.11.2023, Staatstheater Darmstadt<\/pre>\n\n\n\n<p class=\"has-large-font-size\"><strong>2022&nbsp;<\/strong><\/p>\n\n\n\n<div class=\"wp-container-2 wp-block-group\"><div class=\"wp-block-group__inner-container\">\n<pre class=\"wp-block-verse\"><strong>Die Schneek\u00f6nigin<\/strong>\nVocal Coach bei der Produktion\nRegie: Thomas Goritzki\nPremiere: 23.10.2022, Rheinisches Landestheater<\/pre>\n<\/div><\/div>\n\n\n\n<pre class=\"wp-block-verse\"><strong>Cabaret<\/strong>\nMusicaldarstellerin\nRegie: Tom Gerber nach einer Inszenierung von Iris Limbarth\nRolle: Chansons\u00e4ngerin\/KitKat\nWiederaufnahme: 09.2022, Staatstheater Wiesbaden<\/pre>\n\n\n\n<pre class=\"wp-block-verse\"><strong>Der Kleine Horrorladen<\/strong>\nMusikalische Leitung\/Musicaldarstellerin\nRegie: Sebastian Krolik\nRolle: Chiffon\nPremiere 01.09.2022, Theaterfestspiele Vulkaneifel<\/pre>\n\n\n\n<pre class=\"wp-block-verse\"><strong>Arsen und Spitzenh\u00e4ubchen<\/strong>\nMusikalische Leitung\/Vocal Coach\nRegie: Judith Kuhnert\nPremiere: 09.06.2022, Staatstheater Darmstadt<\/pre>\n\n\n\n<pre class=\"wp-block-verse\"><strong>Bunbury<\/strong>\nVocal Coach\nRegie: Andreas Merz-Raykov\nPremiere: 29.01.2022, Staatstheater Darmstadt<\/pre>\n\n\n\n<p class=\"has-large-font-size\"><strong>2021<\/strong><\/p>\n\n\n\n<pre class=\"wp-block-verse\"><strong>Cabaret <\/strong>\nMusicaldarstellerin\nRegie Tom Gerber, nach einer Inszenierung von Iris Limbarth\nRolle: Chansons\u00e4ngerin,&nbsp;KitKat\nPremiere: 15.09.2021, Staatstheater Wiesbaden<\/pre>\n\n\n\n<pre class=\"wp-block-verse\"><strong>Rotk\u00e4ppchen und Herr Wolff<\/strong>\nMusikalische Einstudierung\/VocalCoach\nRegie: Carolin Stolz\nRheinisches Landestheater<\/pre>\n\n\n\n<pre class=\"wp-block-verse\"><strong>Im Wei\u00dfen R\u00f6ssl<\/strong>\nMusikalische Leitung\/ Musicaldarstellerin\nRegie: Sebastian Krolik \nRolle: Ottilie Giesecke\nPremiere: 02.09.2021, Freilichtspiele Gem\u00fcnden<\/pre>\n\n\n\n<pre class=\"wp-block-verse\"><strong>Ein Sommernachtstraum <\/strong>\nKomposition\/Vocal Coach \nRegie:&nbsp;Ulf Goerke\nPremiere: 03.07.2020, Staatstheater Darmstadt<\/pre>\n\n\n\n<p class=\"has-large-font-size\"><strong>2020<\/strong><\/p>\n\n\n\n<pre class=\"wp-block-verse\"><strong>Jesus Christ Superstar<\/strong> \nMusicaldarstellerin\nRegie: Iris Limbarth. Rolle: Soulgirl,\nWiederaufnahme&nbsp;10.09.2020, Staatstheater Wiesbaden<\/pre>\n\n\n\n<pre class=\"wp-block-verse\"><strong>Der Idiot <\/strong>\nVocal Coach \nRegie: Andreas Merz-Raykov\nPremiere: 05.09.2020, Staatstheater Darmstadt<\/pre>\n\n\n\n<pre class=\"wp-block-verse\"><strong>Ein Sommernachtstraum<\/strong>\nKomposition\/Vocal Coach in der Produktion \nRegie:&nbsp;Ulf Goerke\nPremiere: 03.07.2020, Staatstheater Darmstadt<\/pre>\n\n\n\n<pre class=\"wp-block-verse\"><strong>Der Rheinfall<\/strong>\nEin&nbsp;Theaterp\u00e4dagogisches Projekt in Kooperation der BGS-Wiesbaden und des Staatstheaters Wiesbaden\nProjektleitung: Silvia Willecke, Eva-Maria Damasko und Mareike Buchmann\nPremiere: 20.03.2020 Anton Gruner Schule, 21.03.2020 Staatstheater Wiesbaden<\/pre>\n\n\n\n<p class=\"has-large-font-size\"><strong>2019<\/strong><\/p>\n\n\n\n<pre class=\"wp-block-verse\">CD Produktion gemeinsam mit Andreas Hertel\n<strong>It Might Be Christmas Every Day<\/strong><\/pre>\n\n\n\n<pre class=\"wp-block-verse\"><strong>Shrek<\/strong>\nVocal Coach \nPinocchio 90 e.V.\nPremiere: 12.10.2019<\/pre>\n\n\n\n<pre class=\"wp-block-verse\"><strong>Cat Person. Strorys<\/strong>\nVocal Coach\nRegie: Maximilian L\u00f6wenstein\nPremiere: 30.08.2019,&nbsp;Staatstheater Darmstadt<\/pre>\n\n\n\n<pre class=\"wp-block-verse\"><strong>Der Fr\u00f6hliche Weinberg <\/strong>\nVocal Coach und musikalische Einstudierung\nRegie: Judith Kuhnert\nWiederaufnahme: 22.08.2019, Staatstheater Darmstadt<\/pre>\n\n\n\n<pre class=\"wp-block-verse\"><strong>Die Br\u00fcder L\u00f6wenherz <\/strong>\nS\u00e4ngerin \nRolle: Mutter\nRegie: Dirk Schirdewahn\nPremiere: 12.05.2019,&nbsp;Staatstheater Wiesbaden<\/pre>\n\n\n\n<pre class=\"wp-block-verse\"><strong>Songs, die f\u00fcr uns Helden sind<\/strong>\nSilvia Willecke &amp; Claus Weyrauther \nPremiere: 23.03.2019, Burgfestspiele Wiesbaden<\/pre>\n\n\n\n<p class=\"has-large-font-size\"><strong>2018<\/strong><\/p>\n\n\n\n<pre class=\"wp-block-verse\"><strong>Diener Zweier Herren <\/strong>\nVocal Coach und musikalische Einstudierung\nRegie: Andreas Merz-Raykov\nPremiere: 01.11.2018, Staatstheater Darmstadt<\/pre>\n\n\n\n<pre class=\"wp-block-verse\"><strong>Der Fr\u00f6hliche Weinberg<\/strong>\nVocal Coach und musikalische Einstudierung \nRegie: Judith Kuhnert\nPremiere: 10.08.2018, Staatstheater Darmstadt<\/pre>\n\n\n\n<pre class=\"wp-block-verse\"><strong>Jesus Christ Superstar <\/strong>\nMusicaldarstellerin\nRegie: Iris Limbarth\nRolle: Soulgirl\nPremiere 03.09.2017, Staatstheater Wiesbaden<\/pre>\n\n\n\n<p class=\"has-large-font-size\"><strong>2017<\/strong><\/p>\n\n\n\n<pre class=\"wp-block-verse\"><strong>H\u00e4uptling Abendwind<\/strong>\nVocal Coach und musikalische Einstudierung \nRegie: Isabel Osthues\nPremiere: 01.12.2015, E.T.A.-Hoffmann-Theater, Bamberg<\/pre>\n\n\n\n<pre class=\"wp-block-verse\"><strong>Jesus Christ Superstar<\/strong>\nMusicaldarstellerin\nRegie: Iris Limbarth. Rolle: Soulgirl,\nPremiere 03.09.2017, Staatstheater Wiesbaden<\/pre>\n\n\n\n<pre class=\"wp-block-verse\">\"<strong>Gelobtes Land: # Romeo liebt Julia<\/strong>\"<br>Eine Adaption von \"Romeo und Julia\" von William Shakespeare.<br>Projektleitung: Silvia Willecke und Dirk Schirdewahn<br>Premiere: 24.06.2017 Wartburg, Staatstheater Wiesbaden<\/pre>\n\n\n\n<p class=\"has-large-font-size\"><strong>2016<\/strong><\/p>\n\n\n\n<pre class=\"wp-block-verse\"><strong>Peter Pan<\/strong>\nVocal Coach \nRegie: Ulf Goerke,\nPremiere: 20.11.2016, Staatstheater Darmstadt<\/pre>\n\n\n\n<pre class=\"wp-block-verse\"><strong>Gelobtes Land # Flieg Vogel, Flieg<\/strong> \nCoach bei der Produktion \nBackstage Theaterparcours mit Jugendlichen\nRegie: Dirk Schirdewahn &amp; Timo Willecke\nPremiere: 04.07.16, Staatstheater Wiesbaden,<\/pre>\n\n\n\n<pre class=\"wp-block-verse\"><strong>Wie im Himmel<\/strong>\nSchauspielerin und S\u00e4ngerin\nRegie: Matthias Straub, Rolle: Gabriella,\nPremiere: 02.10.2015, Landestheater Coburg<\/pre>\n\n\n\n<p><\/p>\n\n\n\n<p class=\"has-large-font-size\"><strong>2015<\/strong><\/p>\n\n\n\n<pre class=\"wp-block-verse\"><strong>Kr\u00e4hwinkel<\/strong>\nVocal Coach\nRegie: Isabel Osthues\nPremiere: 04.12.2015, E.T.A.-Hoffmann-Theater, Bamberg<\/pre>\n\n\n\n<pre class=\"wp-block-verse\"><strong>Peterchens Mondfahrt<\/strong>\nSchauspielerin und Vocal Coach \nRegie: Michael G\u00f6tz, Rolle: Nachtfee, Kanonier\nPremiere: 01.11.2015, Staatstheater Darmstadt<\/pre>\n\n\n\n<pre class=\"wp-block-verse\"><strong>Wie Im Himmel<\/strong>\nSchauspielerin und S\u00e4ngerin\nRegie: Matthias Straub, Rolle: Gabriella,\nPremiere: 02.10.2015, Landestheater Coburg<\/pre>\n\n\n\n<pre class=\"wp-block-verse\"><strong>Hair<\/strong>\nMusicaldarstellerin\nRegie: Iris Limbarth. Rolle: Crissy,\nPremiere 17.01.2015, Landestheater Coburg<\/pre>\n\n\n\n<p class=\"has-large-font-size\"><strong>2014<\/strong><\/p>\n\n\n\n<pre class=\"wp-block-verse\"><strong>Eigentlich...!? Vertrauen und sich nicht trauen \n<\/strong>S\u00e4ngerin und Schauspielerin\nRegie: Benjamin H\u00fcbner und Silvia Willecke.\nPremiere: 20.06.2014, Walhalla Theater Wiesbaden<\/pre>\n\n\n\n<pre class=\"wp-block-verse\"><strong>Stairways to Heaven<\/strong>\nSchauspielerin\/S\u00e4ngerin \nRegie: Tobias Materna, Rolle: Kriemhilde\nStaatstheater Wiesbaden (Derniere: 06.07.2014)<\/pre>\n\n\n\n<pre class=\"wp-block-verse\"><strong>Fluchtbewegung<\/strong>\nVocal Coach und Arrangeurin der Chors\u00e4tze \nRegie: Antonia Schirmeister, Rapha\u00e8l Nybl,\nPremiere: 18.05.2014, Staatstheater Wiesbaden.<\/pre>\n\n\n\n<p class=\"has-large-font-size\"><strong>2013<\/strong><\/p>\n\n\n\n<pre class=\"wp-block-verse\"><strong>1001 Nacht<\/strong>\nVocal Coach und Schauspielerin\nRegie: Oliver Wronka. Rollen: Dienerin, Schamsannahar die Kalifin\nStaatstheater Wiesbaden<\/pre>\n\n\n\n<pre class=\"wp-block-verse\">S<strong>tairways To Heaven<\/strong>\nSchauspielerin und S\u00e4ngerin\nRegie: Tobias Materna, Rolle: Kriemhilde\nStaatstheater Wiesbaden (Derniere: 06.07.2014)<\/pre>\n\n\n\n<pre class=\"wp-block-verse\"><strong>Hairspray<\/strong>\nVocal Coach \nPinocchio 90 e.V.\nPremiere: 19.10.2013<\/pre>\n\n\n\n<p class=\"has-large-font-size\"><strong>2012<\/strong><\/p>\n\n\n\n<pre class=\"wp-block-verse\"><strong>Peterchens Mondfahrt<\/strong>\nVocal Coach und Schauspielerin\nRegie: Oliver Wronka. Rollen: Nachtfee\/Mutter\/Sternenkind\nStaatstheater Wiesbaden<\/pre>\n\n\n\n<pre class=\"wp-block-verse\"><strong>Stairways To Heaven<\/strong>\nSchauspielerin und S\u00e4ngerin \nRegie: Tobias Materna, Rolle: Kriemhilde\nStaatstheater Wiesbaden (Derniere: 06.07.2014)<\/pre>\n\n\n\n<p class=\"has-large-font-size\"><strong>2011<\/strong><\/p>\n\n\n\n<pre class=\"wp-block-verse\"><strong>Pinocchio<\/strong>\nVocal Coach und Schauspielerin \nRegie: Oliver Wronka, Rolle: Grille\nStaatstheater Wiesbaden<\/pre>\n\n\n\n<pre class=\"wp-block-verse\"><strong>Stairways to Heaven<\/strong>\nSchauspielerin und S\u00e4ngerin \nRegie: Tobias Materna, Rolle: Kriemhilde\nStaatstheater Wiesbaden (Derniere: 06.07.2014)<\/pre>\n\n\n\n<pre class=\"wp-block-verse\">Sprecherin im H\u00f6rspiel Band(en)salat, Regie: Timo Willecke und Jan K\u00e4fer<\/pre>\n\n\n\n<p class=\"has-large-font-size\"><strong>2010<\/strong><\/p>\n\n\n\n<pre class=\"wp-block-verse\"><strong>Stairways to Heaven<\/strong>\nSchauspielerin und S\u00e4ngerin\nRegie: Tobias Materna, Rolle: Kriemhilde\nStaatstheater Wiesbaden (Derniere: 06.07.2014)<\/pre>\n\n\n\n<pre class=\"wp-block-verse\"><strong>The Black Rider<\/strong>\nSchauspielerin und S\u00e4ngerin\nRegie: Caroline Stolz, Rolle: Anne, \nStaatstheater Wiesbaden<\/pre>\n\n\n\n<pre class=\"wp-block-verse\"><strong>Aida<\/strong>\nVocal Coach\nPinocchio 90 e.V.<\/pre>\n\n\n\n<p class=\"has-large-font-size\"><strong>2009<\/strong><\/p>\n\n\n\n<pre class=\"wp-block-verse\"><strong>Stairways to Heaven<\/strong>\nSchauspielerin und S\u00e4ngerin\nRegie: Tobias Materna, Rolle: Sidonie Thekla Maria von Hammerstein, \nStaatstheater Wiesbaden<\/pre>\n\n\n\n<p class=\"has-large-font-size\"><strong>2008<\/strong><\/p>\n\n\n\n<pre class=\"wp-block-verse\"><strong>Stairways to Heaven<\/strong>\nVocal Coach \nRegie: Tobias Materna\nStaatstheater Wiesbaden<\/pre>\n\n\n\n<p class=\"has-large-font-size\"><strong>2007<\/strong><\/p>\n\n\n\n<pre class=\"wp-block-verse\"><strong>Alice im Wunderland<\/strong>\nVocal Coach \nPinocchio 90 e.V.<\/pre>\n\n\n\n<pre class=\"wp-block-verse has-large-font-size\"><strong>2006<\/strong><\/pre>\n\n\n\n<pre class=\"wp-block-verse\">VocalCoach f\u00fcr Schauspieler und Musicaldarsteller, Gesangslehrerin<\/pre>\n\n\n\n<p class=\"has-large-font-size\"><strong>2005 -heute<\/strong><\/p>\n\n\n\n<pre class=\"wp-block-verse\">Freiberufliche S\u00e4ngerin verschiedener Big Bands, u.A.: Boehringer Ingelheim Big Band (Leitung: Stefan Scriba), Special Constellation Big Band (Leitung: Simon Zimbardo)<\/pre>\n\n\n\n<p class=\"has-large-font-size\"><strong>2005 - 2007<\/strong><\/p>\n\n\n\n<pre class=\"wp-block-verse\"><strong>La Cage aus Folles<\/strong>\nMusicaldarstellerin\nRolle: Ensemble \nStaatstheater Wiesbaden<\/pre>\n\n\n\n<p class=\"has-large-font-size\"><strong>2004<\/strong><\/p>\n\n\n\n<pre class=\"wp-block-verse\">Sprecherin f\u00fcr das Kinderh\u00f6rspiel \u201eN\u00e4pfli\u201c<\/pre>\n\n\n\n<p class=\"has-large-font-size\"><strong>2003 -heute<\/strong><\/p>\n\n\n\n<pre class=\"wp-block-verse\">Gesangslehrerin\/Chorleiterin f\u00fcr Jazz-und Popularmusik an der Musik- und Kunstschule Rheingau e.V.<\/pre>\n\n\n\n<p class=\"has-large-font-size\"><strong>2003<\/strong><\/p>\n\n\n\n<pre class=\"wp-block-verse\">Vocal Coach bei der Musicalproduktion \u201eSister Act\u201c der Kinder- und Jugendtheatergruppe Pinocchio 90 e.V.<\/pre>\n\n\n\n<p class=\"has-large-font-size\"><strong>2002-2004<\/strong><\/p>\n\n\n\n<pre class=\"wp-block-verse\">Studios\u00e4ngerin von TV-Werbesongs f\u00fcr Mattel (Barbie)<\/pre>\n\n\n\n<p class=\"has-large-font-size\"><strong>2001-heute<\/strong><\/p>\n\n\n\n<pre class=\"wp-block-verse\">Freiberufliche S\u00e4ngerin, Komponistin und Texterin in verschiedenen Projekten und Bands<\/pre>\n\n\n\n<p class=\"has-large-font-size\"><strong>2001-heute<\/strong><\/p>\n\n\n\n<pre class=\"wp-block-verse\">Freiberufliche Gesangslehrerin\/Vocal Coach<\/pre>\n\n\n\n<p class=\"has-large-font-size\"><strong>1996-2001<\/strong><\/p>\n\n\n\n<pre class=\"wp-block-verse\">Darstellerin in den Musicalproduktionen des Jugend-Club Theaters am Staatstheater Wiesbaden: \u201eSweet Charity\u201d (Ensemble), \u201eHair\u201d (Crissi), \u201eLinie 1\u201d (Rita, S\u00e4ngerin), \u201eRocky Horror Show\u201d (Janet Weiss) und \u201eCity of Angels\u201d (Mallory Kingsley\/ Avril Rains) www.jugendclubtheater.de<\/pre>\n\n\n\n<p><strong>Ausbildung:<\/strong><\/p>\n\n\n\n<pre class=\"wp-block-verse\"><strong>2014<\/strong><br>Seminar bei Renate Schulze-Schindler \u00fcber Atemtypische Dynamik in der Stimme.<\/pre>\n\n\n\n<pre class=\"wp-block-verse\"><strong>2000-2005<\/strong><br>Studium des Diplomstudiengangs \u201eMusiklehrer f\u00fcr Jazz- und jazzverwandte Musik\u201c mit Hauptfach Gesang bei Nanni Byl, und Allen Jacobson, Didaktik bei Alexander Gehlhausen, klassische Stimmbildung bei Dorothee Reingardt, Workshop bei Jeff Cascaro, Nebenfach Klavier bei Martin Sasse, an der Johannes-Gutenberg-Universit\u00e4t in Mainz<\/pre>\n\n\n\n<pre class=\"wp-block-verse\"><strong>1999-2001<\/strong><br>Jazzgesangsunterricht bei Hans-Christian G\u00f6rger<\/pre>\n\n\n\n<pre class=\"wp-block-verse\"><strong>1996-1999<\/strong><br>klassische Stimmbildung bei Gerd Rixmann<\/pre>\n\n\n\n<pre class=\"wp-block-verse\"><strong>1988-1995<\/strong><br>Akkordeonunterricht<\/pre>\n\n\n\n<p><strong>Diskographie:<\/strong><\/p>\n\n\n\n<p><strong>2013<\/strong><br>\u201e1001 Nacht\u201c Das H\u00f6rspiel zum Weihnachtsm\u00e4rchen im Staatstheater Wiesbaden<\/p>\n\n\n\n<p><strong>2012<\/strong><br>\u201ePeterchens Mondfahrt\u201c Das H\u00f6rspiel zum Weihnachtsm\u00e4rchen im Staatstheater Wiesbaden<\/p>\n\n\n\n<p><strong>2011<\/strong><br>Band(en)salat (H\u00f6rspiel), Regie: Timo Willecke und Jan K\u00e4fer<\/p>\n\n\n\n<p><strong>2010<\/strong><br>Boehringer Ingelheim Big Band, Fascinating Rhythm 125 Jubil\u00e4umsausgabe, Klangraum Tonstudio Mainz<\/p>\n\n\n\n<p><strong>2008<\/strong><br>Special Constellation Bigband (DVD), Do You Remember, Live Mitschnitt<\/p>\n\n\n\n<p><strong>2006<\/strong><br>Die Spielwiese, Eimer&amp;Schaufel, Label: Dubministerium Records<\/p>\n\n\n\n<p><strong>2005<\/strong><br>Die Spielwiese, Remixed, Eigenvertrieb Die Spielwiese,<\/p>\n\n\n\n<p><strong>2005<\/strong><br>Die Spielwiese, Eigenvertieb<\/p>\n\n\n\n<p><strong>2004<\/strong><br>N\u00e4pfli (H\u00f6rspiel), Sinus Studio, Holger Kr\u00fcger GmbH, Regie: Matthias Keller<\/p>\n\n\n\n<p><strong>2003<\/strong><br>Dubplate 48, Night in Kingston, Label: Inspector Dread<\/p>\n","protected":false},"excerpt":{"rendered":"<p>Vita: 2025 Die \u00c4rztin Sprachcoaching Theater und Orchester Heidelberg Der Ginpuin, die Suche nach dem gro\u00dfen Gl\u00fcck Musikalische Einstudierung\/ Vocal Coach Regie: Frances van Boeckel Wiederaufnahme: 05.04.2025, Hessisches Staatstheater Wiesbaden Der Datterich Musikalische Leitung Gesang Regie: Philip Tiedemann Premiere: 14.06.2025, Staatstheater Darmstadt K\u00f6nig Lear Sprachcoaching Theater und Orchester Heidelberg Flashdance Musikalische Leitung\/Darstellerin Regie: Sebastian Krolik&#8230;<\/p>\n","protected":false},"author":1,"featured_media":418,"parent":0,"menu_order":0,"comment_status":"closed","ping_status":"closed","template":"","meta":[],"_links":{"self":[{"href":"http:\/\/silviawillecke.de\/index.php?rest_route=\/wp\/v2\/pages\/2"}],"collection":[{"href":"http:\/\/silviawillecke.de\/index.php?rest_route=\/wp\/v2\/pages"}],"about":[{"href":"http:\/\/silviawillecke.de\/index.php?rest_route=\/wp\/v2\/types\/page"}],"author":[{"embeddable":true,"href":"http:\/\/silviawillecke.de\/index.php?rest_route=\/wp\/v2\/users\/1"}],"replies":[{"embeddable":true,"href":"http:\/\/silviawillecke.de\/index.php?rest_route=%2Fwp%2Fv2%2Fcomments&post=2"}],"version-history":[{"count":59,"href":"http:\/\/silviawillecke.de\/index.php?rest_route=\/wp\/v2\/pages\/2\/revisions"}],"predecessor-version":[{"id":545,"href":"http:\/\/silviawillecke.de\/index.php?rest_route=\/wp\/v2\/pages\/2\/revisions\/545"}],"wp:featuredmedia":[{"embeddable":true,"href":"http:\/\/silviawillecke.de\/index.php?rest_route=\/wp\/v2\/media\/418"}],"wp:attachment":[{"href":"http:\/\/silviawillecke.de\/index.php?rest_route=%2Fwp%2Fv2%2Fmedia&parent=2"}],"curies":[{"name":"wp","href":"https:\/\/api.w.org\/{rel}","templated":true}]}}